{"id":303,"date":"2023-08-11T16:38:08","date_gmt":"2023-08-11T21:38:08","guid":{"rendered":"https:\/\/colpropiedades.com.co\/?page_id=303"},"modified":"2023-08-23T18:17:24","modified_gmt":"2023-08-23T23:17:24","slug":"quienes-somos","status":"publish","type":"page","link":"https:\/\/colpropiedades.com.co\/index.php\/quienes-somos\/","title":{"rendered":"\u00bfQui\u00e9nes somos?"},"content":{"rendered":"<h1 style=\"text-align: center;\"><span style=\"color: #0000ff;\"><strong>\u00a1BIENVENIDOS!<\/strong><\/span><\/h1>\n<p>En nuestra p\u00e1gina web usted puede consultar los principales conceptos oficiales y actualizados en materia de propiedad horizontal y\/o copropiedades.<\/p>\n<p>Somos una organizaci\u00f3n orientada a la asesor\u00eda y consultor\u00eda en el \u00e1rea de propiedad horizontal, guardando y respetando las normas \u00e9ticas en el ejercicio de la profesi\u00f3n del Derecho, en sus relaciones con nuestros clientes, y en las relaciones ante las distintas autoridades en sede administrativa y judicial.<\/p>\n<p>Con el fin de brindar a nuestros suscriptores una mejor y mayor consultor\u00eda, trabajamos en l\u00ednea con nuestras p\u00e1ginas web: <a href=\"https:\/\/gerencialegal.com\/\" target=\"_blank\" rel=\"noopener\">gerencialegal.com\u00a0<\/a>y <a href=\"https:\/\/revistamanualdelcontador.com\/\" target=\"_blank\" rel=\"noopener\"><span style=\"color: #0000ff;\">revistamanualdelcontador.com.<\/span><\/a><\/p>\n<p>&nbsp;<\/p>\n","protected":false},"excerpt":{"rendered":"<p>\u00a1BIENVENIDOS! En nuestra p\u00e1gina web usted puede consultar los principales conceptos oficiales y actualizados en materia de propiedad horizontal y\/o copropiedades. Somos una organizaci\u00f3n orientada a la asesor\u00eda y consultor\u00eda en el \u00e1rea de propiedad horizontal, guardando y respetando las normas \u00e9ticas en el ejercicio de la profesi\u00f3n del Derecho, en sus relaciones con nuestros [&hellip;]<\/p>\n","protected":false},"author":1,"featured_media":0,"parent":0,"menu_order":0,"comment_status":"closed","ping_status":"closed","template":"","meta":{"om_disable_all_campaigns":false,"_monsterinsights_skip_tracking":false,"_monsterinsights_sitenote_active":false,"_monsterinsights_sitenote_note":"","_monsterinsights_sitenote_category":0,"footnotes":""},"_links":{"self":[{"href":"https:\/\/colpropiedades.com.co\/index.php\/wp-json\/wp\/v2\/pages\/303"}],"collection":[{"href":"https:\/\/colpropiedades.com.co\/index.php\/wp-json\/wp\/v2\/pages"}],"about":[{"href":"https:\/\/colpropiedades.com.co\/index.php\/wp-json\/wp\/v2\/types\/page"}],"author":[{"embeddable":true,"href":"https:\/\/colpropiedades.com.co\/index.php\/wp-json\/wp\/v2\/users\/1"}],"replies":[{"embeddable":true,"href":"https:\/\/colpropiedades.com.co\/index.php\/wp-json\/wp\/v2\/comments?post=303"}],"version-history":[{"count":7,"href":"https:\/\/colpropiedades.com.co\/index.php\/wp-json\/wp\/v2\/pages\/303\/revisions"}],"predecessor-version":[{"id":368,"href":"https:\/\/colpropiedades.com.co\/index.php\/wp-json\/wp\/v2\/pages\/303\/revisions\/368"}],"wp:attachment":[{"href":"https:\/\/colpropiedades.com.co\/index.php\/wp-json\/wp\/v2\/media?parent=303"}],"curies":[{"name":"wp","href":"https:\/\/api.w.org\/{rel}","templated":true}]}}